{"id":701,"date":"2011-05-20T18:49:43","date_gmt":"2011-05-21T01:49:43","guid":{"rendered":"http:\/\/wpthemetestdata.wordpress.com\/?page_id=701"},"modified":"2024-06-05T10:07:56","modified_gmt":"2024-06-05T08:07:56","slug":"front-page","status":"publish","type":"page","link":"https:\/\/www.restoreclubfriends.it\/","title":{"rendered":"Restore Club Friends"},"content":{"rendered":"\t\t<div data-elementor-type=\"wp-page\" data-elementor-id=\"701\" class=\"elementor elementor-701\" data-elementor-post-type=\"page\">\n\t\t\t\t\t\t<section class=\"elementor-section elementor-top-section elementor-element elementor-element-4ac4dc9 elementor-section-boxed elementor-section-height-default elementor-section-height-default\" data-id=\"4ac4dc9\" data-element_type=\"section\" data-e-type=\"section\">\n\t\t\t\t\t\t<div class=\"elementor-container elementor-column-gap-default\">\n\t\t\t\t\t<div class=\"elementor-column elementor-col-100 elementor-top-column elementor-element elementor-element-bea9007\" data-id=\"bea9007\" data-element_type=\"column\" data-e-type=\"column\">\n\t\t\t<div class=\"elementor-widget-wrap elementor-element-populated\">\n\t\t\t\t\t\t<div class=\"elementor-element elementor-element-ba5d293 elementor-widget elementor-widget-image\" data-id=\"ba5d293\" data-element_type=\"widget\" data-e-type=\"widget\" data-widget_type=\"image.default\">\n\t\t\t\t<div class=\"elementor-widget-container\">\n\t\t\t\t\t\t\t\t\t\t\t\t\t\t\t<img fetchpriority=\"high\" decoding=\"async\" width=\"1500\" height=\"1000\" src=\"https:\/\/www.restoreclubfriends.it\/wp-content\/uploads\/2024\/04\/phone-mockup.png\" class=\"attachment-2048x2048 size-2048x2048 wp-image-1978\" alt=\"\" srcset=\"https:\/\/www.restoreclubfriends.it\/wp-content\/uploads\/2024\/04\/phone-mockup.png 1500w, https:\/\/www.restoreclubfriends.it\/wp-content\/uploads\/2024\/04\/phone-mockup-300x200.png 300w, https:\/\/www.restoreclubfriends.it\/wp-content\/uploads\/2024\/04\/phone-mockup-1024x683.png 1024w, https:\/\/www.restoreclubfriends.it\/wp-content\/uploads\/2024\/04\/phone-mockup-768x512.png 768w\" sizes=\"(max-width: 1500px) 100vw, 1500px\" \/>\t\t\t\t\t\t\t\t\t\t\t\t\t\t\t<\/div>\n\t\t\t\t<\/div>\n\t\t\t\t<div class=\"elementor-element elementor-element-ecb9dd0 elementor-widget elementor-widget-text-editor\" data-id=\"ecb9dd0\" data-element_type=\"widget\" data-e-type=\"widget\" data-widget_type=\"text-editor.default\">\n\t\t\t\t<div class=\"elementor-widget-container\">\n\t\t\t\t\t\t\t\t\t<h5>Se hai gi\u00e0 un conoscente da segnalarci puoi partire subito in quarta. Dopo aver compilato il form di richiesta infatti potrai ricevere il link per scaricare la nostra APP e registrarti come nostro Segnalatore.<\/h5><div>\u00a0<\/div><h5>Diventare nostro Segnalatore \u00e8 un&#8217;occasione unica per poter\u00a0<strong>incassare senza alzare un dito<\/strong>.<\/h5><div>\u00a0<\/div><h5>Il patto \u00e8 semplice: tu ci segnali un potenziale cliente a cui hai gi\u00e0 parlato di noi e si \u00e8 dimostrato interessato, noi curiamo tutta la trattativa. Quando il cliente firma il contratto e ci paga, tu riceverai la cifra pattuita.<\/h5><div>\u00a0<\/div><h5>L&#8217;App &#8220;<b><i>Restore Club Friends<\/i><\/b>&#8221; ti aggiorner\u00e0 sull&#8217;avanzamento della segnalazione in tempo reale, cos\u00ec sarai sempre aggiornato su quello che succede.\u00a0Oltre a questo, un &#8220;<strong>notaio virtuale<\/strong>&#8221; rappresentato dalla Blockchain Ethereum valider\u00e0 ogni segnalazione rendendola trasparente e facendo s\u00ec che sia impossibile che tu non venga pagato.\u00a0<\/h5><div>\u00a0<\/div><h5>In futuro potrai incassare le tue commissioni non solo in denaro, ma in alternativa potrai scegliere\u00a0<strong>premi<\/strong>\u00a0come buoni Amazon, buoni spesa, buoni benzina e tanto altro ancora.\u00a0<\/h5><div>\u00a0<\/div><h5>Ora devi solo iniziare e procedere come segue:<\/h5><div>\u00a0<\/div><ol><li><h5>Inserisci i tuoi dati in fondo a questa pagina<\/h5><\/li><li><h5>Ricevi la mail con le istruzioni<\/h5><\/li><li><h5>Nella mail troverai il link per scaricare la nostra APP<\/h5><\/li><li><h5>Inizia a mettere in moto la tua rete di contatti<\/h5><\/li><li><h5>Prenota la tua CALL per conoscerci<\/h5><\/li><\/ol><h5>Ora vediamo un po&#8217; come puoi fare la tua prima segnalazione.<\/h5><div>\u00a0<\/div><h5><strong>CHI SEGNALARE<\/strong><\/h5><h5>Persone che avvertono al tempo stesso il bisogno di sviluppare le proprie competenze, di crescere personalmente e di allentare la routine quotidiana per rigenerarsi dai principali effetti collaterali del mondo 4.0 (stress, isolamento digitale, noia, relazioni superficiali e non appaganti, mancanza di tempo da investire nella crescita personale e professionale).<\/h5><h5>Pensa soprattutto a chi desidera:<\/h5><ul><li><h5>progredire nelle proprie competenze professionali e non (es. l\u2019amico\/a dinamico\/a)<\/h5><\/li><li><h5>incontrare nuove persone per conoscersi e divertirsi insieme (es. l\u2019amico\/a single)<\/h5><\/li><li><h5>uscire dalla noia (es. l\u2019amico\/a che ha bisogno di sperimentare)<\/h5><\/li><li><h5>sconnettersi dalle relazioni social (l\u2019amico\/a iperconnesso\/a)<\/h5><\/li><li><h5>distendersi e rilassarsi (l\u2019amico\/a stressato\/a)<\/h5><\/li><\/ul><h5>ma pensa anche ad aziende e a team aziendali che vogliano vivere un\u2019esperienza di Team Regeneration per per rigenerarsi, ritrovare nuove energie e affrontare nuove sfide.<\/h5><div>\u00a0<\/div><h5>\u200c<\/h5><h5><strong>COSA SEGNALARE<\/strong><\/h5><h5>Tutti gli eventi del calendario 2024 di Restore Club e la \u201cformula Worky\u201d per le aziende<\/h5><div>\u00a0<\/div><div>\u00a0<\/div><h5><strong>COME SEGNALARE<\/strong><\/h5><h5><em>\u201cSe hai piacere, ho collaborato con questa realt\u00e0 che organizza eventi formativi molto originali con una formula accattivante e unica. La cosa che mi \u00e8 piaciuta \u00e8 che aiutano le persone a progredire personalmente e a sviluppare competenze professionali in modo divertente, unendo all\u2019apprendimento la possibilit\u00e0 di rilassarsi in posti sui generis e di conoscere persone nuove al fine di allacciare nuove amicizie. Il tutto condito da un pizzico di mistero, perch\u00e9 si partecipa in incognito attraverso un nickname.<\/em><br \/><em>Il loro slogan \u00e8 \u201cUndercover experiences for skills, relax &amp; fun\u201d e, credimi, \u00e8 un\u2019esperienza davvero da fare!<\/em><\/h5><h5><em>Se hai piacere, senza impegno, segnalo il tuo nome a loro e, in questo modo, se deciderai di partecipare, grazie a me otterrai uno sconto sul prezzo dell\u2019evento che sceglierai.\u201d<\/em><\/h5><div><em>\u00a0<\/em><\/div><div><h5 style=\"font-family: Roboto, sans-serif; font-style: normal;\">Le formule suggerite sono anche disponibili nel video di apertura, nel caso tu ancora non l&#8217;abbia visto ti suggeriamo di investire 5 minuti per farlo.<\/h5><\/div><div><em>\u00a0<\/em><\/div><h5>Effettua la segnalazione all\u2019interno dell\u2019APP e resta aggiornato sull\u2019andamento della trattativa, fino a quando ti chiameremo per venire a ritirare la tua provvigione.<\/h5>\t\t\t\t\t\t\t\t<\/div>\n\t\t\t\t<\/div>\n\t\t\t\t<div class=\"elementor-element elementor-element-88b4b89 elementor-widget elementor-widget-text-editor\" data-id=\"88b4b89\" data-element_type=\"widget\" data-e-type=\"widget\" data-widget_type=\"text-editor.default\">\n\t\t\t\t<div class=\"elementor-widget-container\">\n\t\t\t\t\t\t\t\t\t<p><em>Per lavorare come segnalatore non serve una partita IVA, quindi puoi farlo occasionalmente anche come privato. Superati i 5000 \u20ac di provvigioni incassate dovrai aprirti la tua partita IVA.<\/em><\/p>\t\t\t\t\t\t\t\t<\/div>\n\t\t\t\t<\/div>\n\t\t\t\t\t<\/div>\n\t\t<\/div>\n\t\t\t\t\t<\/div>\n\t\t<\/section>\n\t\t\t\t<section class=\"elementor-section elementor-top-section elementor-element elementor-element-942d24b elementor-section-boxed elementor-section-height-default elementor-section-height-default\" data-id=\"942d24b\" data-element_type=\"section\" data-e-type=\"section\" data-settings=\"{&quot;background_background&quot;:&quot;classic&quot;}\">\n\t\t\t\t\t\t<div class=\"elementor-container elementor-column-gap-default\">\n\t\t\t\t\t<div class=\"elementor-column elementor-col-100 elementor-top-column elementor-element elementor-element-e85f19e\" data-id=\"e85f19e\" data-element_type=\"column\" data-e-type=\"column\">\n\t\t\t<div class=\"elementor-widget-wrap elementor-element-populated\">\n\t\t\t\t\t\t<div class=\"elementor-element elementor-element-03c386f elementor-widget elementor-widget-heading\" data-id=\"03c386f\" data-element_type=\"widget\" data-e-type=\"widget\" data-widget_type=\"heading.default\">\n\t\t\t\t<div class=\"elementor-widget-container\">\n\t\t\t\t\t<h4 class=\"elementor-heading-title elementor-size-default\">Se vuoi entrare nel nostro CLUB, guadagnare il 10% della quota di iscrizione, il primo passo \u00e8 farci sapere che sei interessato a conoscerci meglio.\n\n\nCompila il form qui sotto, riceverai una mail con tutte le informazioni, il link dell'APP e sarai contattato nei prossimi giorni dal nostro Referral Director<\/h4>\t\t\t\t<\/div>\n\t\t\t\t<\/div>\n\t\t\t\t\t<\/div>\n\t\t<\/div>\n\t\t\t\t\t<\/div>\n\t\t<\/section>\n\t\t\t\t<section class=\"elementor-section elementor-top-section elementor-element elementor-element-8f6e97a elementor-section-boxed elementor-section-height-default elementor-section-height-default\" data-id=\"8f6e97a\" data-element_type=\"section\" data-e-type=\"section\">\n\t\t\t\t\t\t<div class=\"elementor-container elementor-column-gap-default\">\n\t\t\t\t\t<div class=\"elementor-column elementor-col-100 elementor-top-column elementor-element elementor-element-a4b3f0e\" data-id=\"a4b3f0e\" data-element_type=\"column\" data-e-type=\"column\">\n\t\t\t<div class=\"elementor-widget-wrap elementor-element-populated\">\n\t\t\t\t\t\t<div class=\"elementor-element elementor-element-34a135a elementor-widget elementor-widget-html\" data-id=\"34a135a\" data-element_type=\"widget\" data-e-type=\"widget\" data-widget_type=\"html.default\">\n\t\t\t\t<div class=\"elementor-widget-container\">\n\t\t\t\t\t\n                <form id=\"ref_form\" method=\"post\" action=\"https:\/\/app2.yourappconsole.com\/migareference\/public_optinlanding\/subscribe\" target=\"_blank\" style=\"border: 3px solid #f1f1f1;font-family: Arial;\">\n                    <div style=\"padding: 20px;background-color:white;\">\n                        <p>Nome *<\/p>\n                        <input style=\"width: 100%;padding: 12px; margin: 8px 0;display: inline-block;border: 1px solid #ccc;box-sizing: border-box;\" type=\"text\" name=\"firstname\"required>\n                        <p>Cognome *<\/p>\n                        <input style=\"width: 100%;padding: 12px; margin: 8px 0;display: inline-block;border: 1px solid #ccc;box-sizing: border-box;\" type=\"text\" name=\"lastname\"required>\n                        <p>Indirizzo Email *<\/p>\n                        <input style=\"width: 100%;padding: 12px; margin: 8px 0;display: inline-block;border: 1px solid #ccc;box-sizing: border-box;\" type=\"email\" name=\"email\" required>\n                        <p>Cellulare *<\/p>\n                        <input style=\"height:46px; width: 100%;padding: 12px; margin: 8px 0;display: inline-block;border: 1px solid #ccc;box-sizing: border-box;\" type=\"text\" name=\"mobile\" required>\n\t\t\t\t\t\t                        <p>Data Nascita *<\/p>\n                        <input style=\"height:46px; width: 100%;padding: 12px; margin: 8px 0;display: inline-block;border: 1px solid #ccc;box-sizing: border-box;\" type=\"date\"  name=\"birthdate\" required>\n                        <p class=\"\">Seleziona Professione *<\/p>\n                        <select id=\"job_id\" class=\"\" name=\"job_id\" style=\"display:none;width: 100%;height:46px;padding: 12px; margin: 8px 0;display: inline-block;border: 1px solid #ccc;box-sizing: border-box;\">                                                \n                        <\/select>\n                        <p class=\"\">Seleziona Settore *<\/p>\n                        <select id=\"profession_id\" class=\"\" name=\"profession_id\" style=\"display:none;width: 100%;height:46px;padding: 12px; margin: 8px 0;display: inline-block;border: 1px solid #ccc;box-sizing: border-box;\">                                                \n                        <\/select>\n                        <p class=\"sponsor_list\">Chi ti ha invitato ad essere Segnalatore? *<\/p>\n                        <select id=\"sponsor_id\" class=\"sponsor_list\" name=\"sponsor_id\" style=\"display:none;width: 100%;height:46px;padding: 12px; margin: 8px 0;display: inline-block;border: 1px solid #ccc;box-sizing: border-box;\">                                                \n                        <\/select>\n                        <p class=\"province_list\">Provincia di Residenza *<\/p>\n                        <select id=\"province_id\" class=\"province_list\" name=\"province_id\" style=\"display:none;width: 100%;height:46px;padding: 12px; margin: 8px 0;display: inline-block;border: 1px solid #ccc;box-sizing: border-box;\">                                                \n                        <\/select>\n                        <input type=\"hidden\" name=\"app_id\" value=\"243\">\n                        <input type=\"hidden\" name=\"value_id\" value=\"\">\n                        <input type=\"hidden\" id=\"sponsord_by\" name=\"sponsord_by\" value=\"\">\n                        <label>\n                        <input style=\"margin-top: 16px;\" type=\"checkbox\" required> \n                        <a href=\"https:\/\/app2.yourappconsole.com\/application\/privacypolicy\/index\/id\/6618da0cd1bba\" target=\"_blank\" > Accetto la Informativa Privacy <\/a>\n                        <\/label>\n                        <input style=\"margin-top: 16px;\" type=\"checkbox\" checked=\"checked\" required> \n                        <a href=\"https:\/\/app2.yourappconsole.com\/application\/privacypolicy\/index\/id\/6618da0cd1bba\" target=\"_blank\" > Consenso per essere richiamato <\/a>\n                        <\/label>\n\t\t\t\t\t\t \n                    <\/div>\n                    <div style=\"padding: 20px;background-color: #f1f1f1;text-align: center;\">\n                        <button class = \"subscription_button g-recaptcha\"  style=\"width: 100%;padding: 12px; margin: 8px 0;display: inline-block;border: 1px solid #ccc;box-sizing: border-box;background-color: #000000;color: #ffffff;border: none;\" data-sitekey=\"6LdMEUApAAAAAJcxL4F-rbULHjFebG8xOS707wUA\" \n                    data-callback='onSubmit' \n                    data-action='submit'>S\u00ec, voglio candidarmi!<\/button>\n                    <\/div>\n                <\/form>\n                \n                <script\n                src=\"https:\/\/ajax.googleapis.com\/ajax\/libs\/jquery\/3.6.0\/jquery.min.js\">\n                <\/script>\n                <script\n                src=\"https:\/\/www.google.com\/recaptcha\/api.js\">\n                <\/script>\n                <script>\n                function onSubmit(token) {\n                            document.getElementById(\"ref_form\").submit();\n                        }\n                  loadSettings();\n                    function loadSettings() {\n                    $.ajax({\n                            url: 'https:\/\/app2.yourappconsole.com\/migareference\/public_optinlanding\/loadsettings',\n                            type: 'POST',\n                            dataType: 'json',\n                            data: {app_id: 243}\n                        })\n                        .done(function(data) {\n                           $(\"#sponsor_id\").html(\"\").append(data.agent_option);\n                           $(\"#province_id\").html(\"\").append(data.province_list);\n                           $(\"#job_id\").html(\"\").append(data.job_list);\n                           $(\"#profession_id\").html(\"\").append(data.profession_list);\n\t\t\t\t\t\t                              $(\".sponsor_list\").css(\"display\", data.sponsor_display);\n                           $(\".province_list\").css(\"display\", data.province_display);\n\t\t\t\t\t\t    \n                           const urlParams = new URLSearchParams(window.location.search);                               \n                           $(\"#sponsord_by\").val(urlParams.get('agval'));\n                        });\n                    }\n                <\/script>\n                \t\t\t\t<\/div>\n\t\t\t\t<\/div>\n\t\t\t\t\t<\/div>\n\t\t<\/div>\n\t\t\t\t\t<\/div>\n\t\t<\/section>\n\t\t\t\t<section class=\"elementor-section elementor-top-section elementor-element elementor-element-13c00b9 elementor-section-boxed elementor-section-height-default elementor-section-height-default\" data-id=\"13c00b9\" data-element_type=\"section\" data-e-type=\"section\">\n\t\t\t\t\t\t<div class=\"elementor-container elementor-column-gap-default\">\n\t\t\t\t\t<div class=\"elementor-column elementor-col-100 elementor-top-column elementor-element elementor-element-4152e34\" data-id=\"4152e34\" data-element_type=\"column\" data-e-type=\"column\">\n\t\t\t<div class=\"elementor-widget-wrap elementor-element-populated\">\n\t\t\t\t\t\t<div class=\"elementor-element elementor-element-2bd7f14 elementor-widget elementor-widget-text-editor\" data-id=\"2bd7f14\" data-element_type=\"widget\" data-e-type=\"widget\" data-widget_type=\"text-editor.default\">\n\t\t\t\t<div class=\"elementor-widget-container\">\n\t\t\t\t\t\t\t\t\t<p style=\"text-align: center;\"><strong>IDS Consulting srls<\/strong><\/p><p style=\"text-align: center;\"><span dir=\"ltr\" role=\"presentation\">Via Roma 507 &#8211;<\/span><span dir=\"ltr\" role=\"presentation\"> 64014 Martinsicuro (TE)<\/span><\/p><p style=\"text-align: center;\">C.F.\/P.IVA 01933370676<\/p>\t\t\t\t\t\t\t\t<\/div>\n\t\t\t\t<\/div>\n\t\t\t\t\t<\/div>\n\t\t<\/div>\n\t\t\t\t\t<\/div>\n\t\t<\/section>\n\t\t\t\t<section class=\"elementor-section elementor-top-section elementor-element elementor-element-2748f2f elementor-section-boxed elementor-section-height-default elementor-section-height-default\" data-id=\"2748f2f\" data-element_type=\"section\" data-e-type=\"section\">\n\t\t\t\t\t\t<div class=\"elementor-container elementor-column-gap-default\">\n\t\t\t\t\t<div class=\"elementor-column elementor-col-100 elementor-top-column elementor-element elementor-element-4be0a88\" data-id=\"4be0a88\" data-element_type=\"column\" data-e-type=\"column\">\n\t\t\t<div class=\"elementor-widget-wrap elementor-element-populated\">\n\t\t\t\t\t\t<div class=\"elementor-element elementor-element-5e6dce6 elementor-widget elementor-widget-text-editor\" data-id=\"5e6dce6\" data-element_type=\"widget\" data-e-type=\"widget\" data-widget_type=\"text-editor.default\">\n\t\t\t\t<div class=\"elementor-widget-container\">\n\t\t\t\t\t\t\t\t\t<p style=\"text-align: center;\"><em>Questo servizio \u00e8 stato realizzato grazie a www.segnalazionevincente.com<\/em><\/p>\t\t\t\t\t\t\t\t<\/div>\n\t\t\t\t<\/div>\n\t\t\t\t\t<\/div>\n\t\t<\/div>\n\t\t\t\t\t<\/div>\n\t\t<\/section>\n\t\t\t\t<\/div>\n\t\t","protected":false},"excerpt":{"rendered":"<p>Se hai gi\u00e0 un conoscente da segnalarci puoi partire subito in quarta. Dopo aver compilato il form di richiesta infatti potrai ricevere il link per scaricare la nostra APP e registrarti come nostro Segnalatore. \u00a0<\/p>\n","protected":false},"author":1,"featured_media":0,"parent":0,"menu_order":0,"comment_status":"open","ping_status":"closed","template":"","meta":{"footnotes":""},"class_list":["post-701","page","type-page","status-publish","hentry"],"_links":{"self":[{"href":"https:\/\/www.restoreclubfriends.it\/index.php?rest_route=\/wp\/v2\/pages\/701","targetHints":{"allow":["GET"]}}],"collection":[{"href":"https:\/\/www.restoreclubfriends.it\/index.php?rest_route=\/wp\/v2\/pages"}],"about":[{"href":"https:\/\/www.restoreclubfriends.it\/index.php?rest_route=\/wp\/v2\/types\/page"}],"author":[{"embeddable":true,"href":"https:\/\/www.restoreclubfriends.it\/index.php?rest_route=\/wp\/v2\/users\/1"}],"replies":[{"embeddable":true,"href":"https:\/\/www.restoreclubfriends.it\/index.php?rest_route=%2Fwp%2Fv2%2Fcomments&post=701"}],"version-history":[{"count":0,"href":"https:\/\/www.restoreclubfriends.it\/index.php?rest_route=\/wp\/v2\/pages\/701\/revisions"}],"wp:attachment":[{"href":"https:\/\/www.restoreclubfriends.it\/index.php?rest_route=%2Fwp%2Fv2%2Fmedia&parent=701"}],"curies":[{"name":"wp","href":"https:\/\/api.w.org\/{rel}","templated":true}]}}